{"id":335,"date":"2022-10-05T00:12:25","date_gmt":"2022-10-04T22:12:25","guid":{"rendered":"https:\/\/www.vinosalmargen.com\/producto\/golondro\/"},"modified":"2026-02-19T13:39:12","modified_gmt":"2026-02-19T12:39:12","slug":"golondro","status":"publish","type":"product","link":"https:\/\/www.vinosalmargen.com\/en\/producto\/golondro\/","title":{"rendered":"Golondro"},"content":{"rendered":"<p><strong>Procedencia_<\/strong> Arribes del Duero (Salamanca). Municipios de Aldead\u00e1vila y Pere\u00f1a de la Ribera. <strong>Variedad de uva_<\/strong> Bru\u00f1al. <strong>Altitud_<\/strong> 730 metros en Pere\u00f1a y 620 en Aldead\u00e1vila. <strong>Edad del vi\u00f1edo_<\/strong> 60 y 20 a\u00f1os respectivamente. <strong>Envejecimiento_<\/strong> Entre doce y catorce meses en barricas de 225 litros.<\/p>\n<p><a href=\"https:\/\/www.vinosalmargen.com\/wp-content\/uploads\/2023\/03\/GOLONDRO-MAS-INFO.pdf\" target=\"_blank\" rel=\"noopener\">Para m\u00e1s informaci\u00f3n descargue pdf<\/a><\/p>\n","protected":false},"excerpt":{"rendered":"<p>El Contrabandista<\/p>\n","protected":false},"featured_media":308,"template":"","meta":{"_acf_changed":false},"product_brand":[],"product_cat":[48],"product_tag":[],"class_list":{"0":"post-335","1":"product","2":"type-product","3":"status-publish","4":"has-post-thumbnail","6":"product_cat-red-wine","8":"first","9":"instock","10":"taxable","11":"shipping-taxable","12":"purchasable","13":"product-type-simple"},"acf":[],"yoast_head":"<!-- This site is optimized with the Yoast SEO plugin v27.4 - https:\/\/yoast.com\/product\/yoast-seo-wordpress\/ -->\n<title>Golondro | Vinos Al Margen<\/title>\n<meta name=\"robots\" content=\"index, follow, max-snippet:-1, max-image-preview:large, max-video-preview:-1\" \/>\n<link rel=\"canonical\" href=\"https:\/\/www.vinosalmargen.com\/en\/producto\/golondro\/\" \/>\n<meta property=\"og:locale\" content=\"en_US\" \/>\n<meta property=\"og:type\" content=\"article\" \/>\n<meta property=\"og:title\" content=\"Golondro | Vinos Al Margen\" \/>\n<meta property=\"og:description\" content=\"El Contrabandista\" \/>\n<meta property=\"og:url\" content=\"https:\/\/www.vinosalmargen.com\/en\/producto\/golondro\/\" \/>\n<meta property=\"og:site_name\" content=\"Vinos Al Margen\" \/>\n<meta property=\"article:modified_time\" content=\"2026-02-19T12:39:12+00:00\" \/>\n<meta property=\"og:image\" content=\"https:\/\/www.vinosalmargen.com\/wp-content\/uploads\/2022\/10\/GOLONDRO-OK.png\" \/>\n\t<meta property=\"og:image:width\" content=\"695\" \/>\n\t<meta property=\"og:image:height\" content=\"1800\" \/>\n\t<meta property=\"og:image:type\" content=\"image\/png\" \/>\n<meta name=\"twitter:card\" content=\"summary_large_image\" \/>\n<script type=\"application\/ld+json\" class=\"yoast-schema-graph\">{\"@context\":\"https:\\\/\\\/schema.org\",\"@graph\":[{\"@type\":\"WebPage\",\"@id\":\"https:\\\/\\\/www.vinosalmargen.com\\\/en\\\/producto\\\/golondro\\\/\",\"url\":\"https:\\\/\\\/www.vinosalmargen.com\\\/en\\\/producto\\\/golondro\\\/\",\"name\":\"Golondro | Vinos Al Margen\",\"isPartOf\":{\"@id\":\"https:\\\/\\\/www.vinosalmargen.com\\\/en\\\/#website\"},\"primaryImageOfPage\":{\"@id\":\"https:\\\/\\\/www.vinosalmargen.com\\\/en\\\/producto\\\/golondro\\\/#primaryimage\"},\"image\":{\"@id\":\"https:\\\/\\\/www.vinosalmargen.com\\\/en\\\/producto\\\/golondro\\\/#primaryimage\"},\"thumbnailUrl\":\"https:\\\/\\\/www.vinosalmargen.com\\\/wp-content\\\/uploads\\\/2022\\\/10\\\/GOLONDRO-OK.png\",\"datePublished\":\"2022-10-04T22:12:25+00:00\",\"dateModified\":\"2026-02-19T12:39:12+00:00\",\"breadcrumb\":{\"@id\":\"https:\\\/\\\/www.vinosalmargen.com\\\/en\\\/producto\\\/golondro\\\/#breadcrumb\"},\"inLanguage\":\"en-US\",\"potentialAction\":[{\"@type\":\"ReadAction\",\"target\":[\"https:\\\/\\\/www.vinosalmargen.com\\\/en\\\/producto\\\/golondro\\\/\"]}]},{\"@type\":\"ImageObject\",\"inLanguage\":\"en-US\",\"@id\":\"https:\\\/\\\/www.vinosalmargen.com\\\/en\\\/producto\\\/golondro\\\/#primaryimage\",\"url\":\"https:\\\/\\\/www.vinosalmargen.com\\\/wp-content\\\/uploads\\\/2022\\\/10\\\/GOLONDRO-OK.png\",\"contentUrl\":\"https:\\\/\\\/www.vinosalmargen.com\\\/wp-content\\\/uploads\\\/2022\\\/10\\\/GOLONDRO-OK.png\",\"width\":695,\"height\":1800},{\"@type\":\"BreadcrumbList\",\"@id\":\"https:\\\/\\\/www.vinosalmargen.com\\\/en\\\/producto\\\/golondro\\\/#breadcrumb\",\"itemListElement\":[{\"@type\":\"ListItem\",\"position\":1,\"name\":\"Inicio\",\"item\":\"https:\\\/\\\/www.vinosalmargen.com\\\/en\\\/home\\\/\"},{\"@type\":\"ListItem\",\"position\":2,\"name\":\"Shop\",\"item\":\"https:\\\/\\\/www.vinosalmargen.com\\\/en\\\/shop\\\/\"},{\"@type\":\"ListItem\",\"position\":3,\"name\":\"Golondro\"}]},{\"@type\":\"WebSite\",\"@id\":\"https:\\\/\\\/www.vinosalmargen.com\\\/en\\\/#website\",\"url\":\"https:\\\/\\\/www.vinosalmargen.com\\\/en\\\/\",\"name\":\"Vinos Al Margen\",\"description\":\"Salamanca\",\"publisher\":{\"@id\":\"https:\\\/\\\/www.vinosalmargen.com\\\/en\\\/#organization\"},\"potentialAction\":[{\"@type\":\"SearchAction\",\"target\":{\"@type\":\"EntryPoint\",\"urlTemplate\":\"https:\\\/\\\/www.vinosalmargen.com\\\/en\\\/?s={search_term_string}\"},\"query-input\":{\"@type\":\"PropertyValueSpecification\",\"valueRequired\":true,\"valueName\":\"search_term_string\"}}],\"inLanguage\":\"en-US\"},{\"@type\":\"Organization\",\"@id\":\"https:\\\/\\\/www.vinosalmargen.com\\\/en\\\/#organization\",\"name\":\"Vinos Al Margen\",\"url\":\"https:\\\/\\\/www.vinosalmargen.com\\\/en\\\/\",\"logo\":{\"@type\":\"ImageObject\",\"inLanguage\":\"en-US\",\"@id\":\"https:\\\/\\\/www.vinosalmargen.com\\\/en\\\/#\\\/schema\\\/logo\\\/image\\\/\",\"url\":\"https:\\\/\\\/www.vinosalmargen.com\\\/wp-content\\\/uploads\\\/2022\\\/10\\\/logo.svg\",\"contentUrl\":\"https:\\\/\\\/www.vinosalmargen.com\\\/wp-content\\\/uploads\\\/2022\\\/10\\\/logo.svg\",\"width\":1,\"height\":1,\"caption\":\"Vinos Al Margen\"},\"image\":{\"@id\":\"https:\\\/\\\/www.vinosalmargen.com\\\/en\\\/#\\\/schema\\\/logo\\\/image\\\/\"}}]}<\/script>\n<!-- \/ Yoast SEO plugin. -->","yoast_head_json":{"title":"Golondro | Vinos Al Margen","robots":{"index":"index","follow":"follow","max-snippet":"max-snippet:-1","max-image-preview":"max-image-preview:large","max-video-preview":"max-video-preview:-1"},"canonical":"https:\/\/www.vinosalmargen.com\/en\/producto\/golondro\/","og_locale":"en_US","og_type":"article","og_title":"Golondro | Vinos Al Margen","og_description":"El Contrabandista","og_url":"https:\/\/www.vinosalmargen.com\/en\/producto\/golondro\/","og_site_name":"Vinos Al Margen","article_modified_time":"2026-02-19T12:39:12+00:00","og_image":[{"width":695,"height":1800,"url":"https:\/\/www.vinosalmargen.com\/wp-content\/uploads\/2022\/10\/GOLONDRO-OK.png","type":"image\/png"}],"twitter_card":"summary_large_image","schema":{"@context":"https:\/\/schema.org","@graph":[{"@type":"WebPage","@id":"https:\/\/www.vinosalmargen.com\/en\/producto\/golondro\/","url":"https:\/\/www.vinosalmargen.com\/en\/producto\/golondro\/","name":"Golondro | Vinos Al Margen","isPartOf":{"@id":"https:\/\/www.vinosalmargen.com\/en\/#website"},"primaryImageOfPage":{"@id":"https:\/\/www.vinosalmargen.com\/en\/producto\/golondro\/#primaryimage"},"image":{"@id":"https:\/\/www.vinosalmargen.com\/en\/producto\/golondro\/#primaryimage"},"thumbnailUrl":"https:\/\/www.vinosalmargen.com\/wp-content\/uploads\/2022\/10\/GOLONDRO-OK.png","datePublished":"2022-10-04T22:12:25+00:00","dateModified":"2026-02-19T12:39:12+00:00","breadcrumb":{"@id":"https:\/\/www.vinosalmargen.com\/en\/producto\/golondro\/#breadcrumb"},"inLanguage":"en-US","potentialAction":[{"@type":"ReadAction","target":["https:\/\/www.vinosalmargen.com\/en\/producto\/golondro\/"]}]},{"@type":"ImageObject","inLanguage":"en-US","@id":"https:\/\/www.vinosalmargen.com\/en\/producto\/golondro\/#primaryimage","url":"https:\/\/www.vinosalmargen.com\/wp-content\/uploads\/2022\/10\/GOLONDRO-OK.png","contentUrl":"https:\/\/www.vinosalmargen.com\/wp-content\/uploads\/2022\/10\/GOLONDRO-OK.png","width":695,"height":1800},{"@type":"BreadcrumbList","@id":"https:\/\/www.vinosalmargen.com\/en\/producto\/golondro\/#breadcrumb","itemListElement":[{"@type":"ListItem","position":1,"name":"Inicio","item":"https:\/\/www.vinosalmargen.com\/en\/home\/"},{"@type":"ListItem","position":2,"name":"Shop","item":"https:\/\/www.vinosalmargen.com\/en\/shop\/"},{"@type":"ListItem","position":3,"name":"Golondro"}]},{"@type":"WebSite","@id":"https:\/\/www.vinosalmargen.com\/en\/#website","url":"https:\/\/www.vinosalmargen.com\/en\/","name":"Vinos Al Margen","description":"Salamanca","publisher":{"@id":"https:\/\/www.vinosalmargen.com\/en\/#organization"},"potentialAction":[{"@type":"SearchAction","target":{"@type":"EntryPoint","urlTemplate":"https:\/\/www.vinosalmargen.com\/en\/?s={search_term_string}"},"query-input":{"@type":"PropertyValueSpecification","valueRequired":true,"valueName":"search_term_string"}}],"inLanguage":"en-US"},{"@type":"Organization","@id":"https:\/\/www.vinosalmargen.com\/en\/#organization","name":"Vinos Al Margen","url":"https:\/\/www.vinosalmargen.com\/en\/","logo":{"@type":"ImageObject","inLanguage":"en-US","@id":"https:\/\/www.vinosalmargen.com\/en\/#\/schema\/logo\/image\/","url":"https:\/\/www.vinosalmargen.com\/wp-content\/uploads\/2022\/10\/logo.svg","contentUrl":"https:\/\/www.vinosalmargen.com\/wp-content\/uploads\/2022\/10\/logo.svg","width":1,"height":1,"caption":"Vinos Al Margen"},"image":{"@id":"https:\/\/www.vinosalmargen.com\/en\/#\/schema\/logo\/image\/"}}]}},"_links":{"self":[{"href":"https:\/\/www.vinosalmargen.com\/en\/wp-json\/wp\/v2\/product\/335","targetHints":{"allow":["GET"]}}],"collection":[{"href":"https:\/\/www.vinosalmargen.com\/en\/wp-json\/wp\/v2\/product"}],"about":[{"href":"https:\/\/www.vinosalmargen.com\/en\/wp-json\/wp\/v2\/types\/product"}],"wp:featuredmedia":[{"embeddable":true,"href":"https:\/\/www.vinosalmargen.com\/en\/wp-json\/wp\/v2\/media\/308"}],"wp:attachment":[{"href":"https:\/\/www.vinosalmargen.com\/en\/wp-json\/wp\/v2\/media?parent=335"}],"wp:term":[{"taxonomy":"product_brand","embeddable":true,"href":"https:\/\/www.vinosalmargen.com\/en\/wp-json\/wp\/v2\/product_brand?post=335"},{"taxonomy":"product_cat","embeddable":true,"href":"https:\/\/www.vinosalmargen.com\/en\/wp-json\/wp\/v2\/product_cat?post=335"},{"taxonomy":"product_tag","embeddable":true,"href":"https:\/\/www.vinosalmargen.com\/en\/wp-json\/wp\/v2\/product_tag?post=335"}],"curies":[{"name":"wp","href":"https:\/\/api.w.org\/{rel}","templated":true}]}}